{"id":1065,"date":"2019-03-31T07:56:49","date_gmt":"2019-03-31T05:56:49","guid":{"rendered":"https:\/\/dap-tenerife.com\/imprint\/"},"modified":"2024-06-27T15:48:18","modified_gmt":"2024-06-27T13:48:18","slug":"imprint","status":"publish","type":"page","link":"https:\/\/dap-tenerife.com\/en\/imprint\/","title":{"rendered":"Imprint"},"content":{"rendered":"<h1>Imprint<\/h1>\n<p>Deutsche Allgemeinmedizinische Praxis &amp; Fach\u00e4rztezentrum<br \/>\nCalle de la Marina, 10<br \/>\n38400 Puerto de la Cruz, Santa Cruz de Tenerife,<br \/>\nTel.: +34 922 38 87 38<br \/>\nE-Mail: DAPTeneriffa@gmx.net<br \/>\nWebsite: https:\/\/dap-tenerife.com<\/p>\n<h5>Please note that in order to protect your privacy, inquiries regarding medical data or advice will not be answered by e-mail.<\/h5>\n<p>&nbsp;<\/p>\n<h3>Information according to \u00a76 Teledienstgesetz<a target=\"_blanc\" rel=\"noopener noreferrer\">(TDG<\/a>):<\/h3>\n<p><!--\n\nDie Befugnis zum F\u00fchren der Berufsbezeichnung \u00bbArzt\u00ab wurde Frau Dr. Becker in der Bundesrepublik Deutschland verliehen.\nZust\u00e4ndige Aufsichtsbeh\u00f6rde: Landes\u00e4rztkammer Rheinland-Pfalz, Deutschhausplatz 3, 55116 Mainz\n\nZust\u00e4ndige Kassen\u00e4rztliche Vereinigung: KV Koblenz, Emil- Sch\u00fcller-Str.14  56073 Koblenz.\n\nBerufsordnung der <a href=\"http:\/\/www.bundesaerztekammer.de\/\" target=\"_blanc\" rel=\"noopener noreferrer\">Bundes\u00e4rztekammer<\/a> (B\u00c4K): <a href=\"http:\/\/www.bundesaerztekammer.de\/30\/Berufsordnung\/Mbopdf.pdf\" target=\"_blanc\" rel=\"noopener noreferrer\">Download (PDF)<\/a>.\nDie <strong>Berufsordnung<\/strong> der zust\u00e4ndigen Aufsichtsbeh\u00f6rde finden Sie auf der Website der Landes\u00e4rztkammer Rheinland-Pfalz (<a href=\"https:\/\/www.laek-rlp.de\/recht\/gesetzeverordnungen\/\" target=_blanc\" rel=\"noopener noreferrer\">https:\/\/www.laek-rlp.de\/recht\/gesetzeverordnungen\/<\/a>).\nDas <strong>Heilberufsgesetz<\/strong> der zust\u00e4ndigen Aufsichtsbeh\u00f6rde finden Sie auf der Website der Landes\u00e4rztkammer Rheinland-Pfalz (<a href=\"https:\/\/www.laek-rlp.de\/recht\/gesetzeverordnungen\/\" target=_blanc\" rel=\"noopener noreferrer\">https:\/\/www.laek-rlp.de\/recht\/gesetzeverordnungen\/<\/a>).\n--><\/p>\n<h3>Disclaimer of liability:<\/h3>\n<p>The contents of this website have been compiled with great care and to the best of our knowledge and belief. Nevertheless, no guarantee can be given for the accuracy of the information provided.<\/p>\n<p>The following therefore applies to links from this website to other sites on the Internet: &#8220;As I have no influence whatsoever on the design and content of the linked sites, which, due to the nature of the Internet as a medium, can change constantly and unnoticed by me, I hereby expressly distance myself from all content of the external sites linked from my website. This disclaimer applies to all links on my entire website including the subpages.<\/p>\n","protected":false},"excerpt":{"rendered":"<p>Imprint Deutsche Allgemeinmedizinische Praxis &amp; Fach\u00e4rztezentrum Calle de la Marina, 10 38400 Puerto de la Cruz, Santa Cruz de Tenerife, Tel.: +34 922 38 87 38 E-Mail: DAPTeneriffa@gmx.net Website: https:\/\/dap-tenerife.com Please note that in order to protect your privacy, inquiries regarding medical data or advice will not be answered by e-mail. &nbsp; Information according to [&hellip;]<\/p>\n","protected":false},"author":1,"featured_media":0,"parent":0,"menu_order":2000,"comment_status":"closed","ping_status":"closed","template":"OnePage.php","meta":{"_acf_changed":false,"footnotes":""},"acf":[],"_links":{"self":[{"href":"https:\/\/dap-tenerife.com\/en\/wp-json\/wp\/v2\/pages\/1065"}],"collection":[{"href":"https:\/\/dap-tenerife.com\/en\/wp-json\/wp\/v2\/pages"}],"about":[{"href":"https:\/\/dap-tenerife.com\/en\/wp-json\/wp\/v2\/types\/page"}],"author":[{"embeddable":true,"href":"https:\/\/dap-tenerife.com\/en\/wp-json\/wp\/v2\/users\/1"}],"replies":[{"embeddable":true,"href":"https:\/\/dap-tenerife.com\/en\/wp-json\/wp\/v2\/comments?post=1065"}],"version-history":[{"count":0,"href":"https:\/\/dap-tenerife.com\/en\/wp-json\/wp\/v2\/pages\/1065\/revisions"}],"wp:attachment":[{"href":"https:\/\/dap-tenerife.com\/en\/wp-json\/wp\/v2\/media?parent=1065"}],"curies":[{"name":"wp","href":"https:\/\/api.w.org\/{rel}","templated":true}]}}