{"id":1064,"date":"2019-03-31T07:56:49","date_gmt":"2019-03-31T05:56:49","guid":{"rendered":"https:\/\/dap-tenerife.com\/pie-de-imprenta\/"},"modified":"2024-06-27T15:47:47","modified_gmt":"2024-06-27T13:47:47","slug":"pie-de-imprenta","status":"publish","type":"page","link":"https:\/\/dap-tenerife.com\/es\/pie-de-imprenta\/","title":{"rendered":"Pie de imprenta"},"content":{"rendered":"<h1>Pie de imprenta<\/h1>\n<p>Deutsche Allgemeinmedizinische Praxis &amp; Fach\u00e4rztezentrum<br \/>\nCalle de la Marina, 10<br \/>\n38400 Puerto de la Cruz, Santa Cruz de Tenerife,<br \/>\nTel.: +34 922 38 87 38<br \/>\ncorreo electr\u00f3nico: DAPTeneriffa@gmx.net<br \/>\nP\u00e1gina web: https:\/\/dap-tenerife.com<\/p>\n<h5>Ten en cuenta que, para proteger tu intimidad, no se responder\u00e1 por correo electr\u00f3nico a las consultas sobre datos o consejos m\u00e9dicos.<\/h5>\n<p>&nbsp;<\/p>\n<h3>Informaci\u00f3n seg\u00fan el art\u00edculo 6 de la Ley de Teleservicios<a target=\"_blanc\" rel=\"noopener noreferrer\">(TDG)<\/a>:<\/h3>\n<p><!--\n\nDie Befugnis zum F\u00fchren der Berufsbezeichnung \u00bbArzt\u00ab wurde Frau Dr. Becker in der Bundesrepublik Deutschland verliehen.\nZust\u00e4ndige Aufsichtsbeh\u00f6rde: Landes\u00e4rztkammer Rheinland-Pfalz, Deutschhausplatz 3, 55116 Mainz\n\nZust\u00e4ndige Kassen\u00e4rztliche Vereinigung: KV Koblenz, Emil- Sch\u00fcller-Str.14  56073 Koblenz.\n\nBerufsordnung der <a href=\"http:\/\/www.bundesaerztekammer.de\/\" target=\"_blanc\" rel=\"noopener noreferrer\">Bundes\u00e4rztekammer<\/a> (B\u00c4K): <a href=\"http:\/\/www.bundesaerztekammer.de\/30\/Berufsordnung\/Mbopdf.pdf\" target=\"_blanc\" rel=\"noopener noreferrer\">Download (PDF)<\/a>.\nDie <strong>Berufsordnung<\/strong> der zust\u00e4ndigen Aufsichtsbeh\u00f6rde finden Sie auf der Website der Landes\u00e4rztkammer Rheinland-Pfalz (<a href=\"https:\/\/www.laek-rlp.de\/recht\/gesetzeverordnungen\/\" target=_blanc\" rel=\"noopener noreferrer\">https:\/\/www.laek-rlp.de\/recht\/gesetzeverordnungen\/<\/a>).\nDas <strong>Heilberufsgesetz<\/strong> der zust\u00e4ndigen Aufsichtsbeh\u00f6rde finden Sie auf der Website der Landes\u00e4rztkammer Rheinland-Pfalz (<a href=\"https:\/\/www.laek-rlp.de\/recht\/gesetzeverordnungen\/\" target=_blanc\" rel=\"noopener noreferrer\">https:\/\/www.laek-rlp.de\/recht\/gesetzeverordnungen\/<\/a>).\n--><\/p>\n<h3>Descargo de responsabilidad:<\/h3>\n<p>Los contenidos de este sitio web han sido recopilados con gran cuidado y seg\u00fan nuestro leal saber y entender. No obstante, no puede garantizarse la exactitud de la informaci\u00f3n facilitada.<\/p>\n<p>Por lo tanto, se aplica lo siguiente a los enlaces de este sitio web a otros sitios web de Internet: &#8220;Dado que no tengo influencia alguna sobre el dise\u00f1o y el contenido de las p\u00e1ginas enlazadas, que, debido a la naturaleza de Internet como medio, pueden cambiar constantemente y de forma inadvertida para m\u00ed, por la presente me distancio expresamente de todo el contenido de las p\u00e1ginas externas enlazadas desde mi sitio web. Esta cl\u00e1usula de exenci\u00f3n de responsabilidad se aplica a todos los enlaces de todo mi sitio web, incluidas las subp\u00e1ginas.<\/p>\n","protected":false},"excerpt":{"rendered":"<p>Pie de imprenta Deutsche Allgemeinmedizinische Praxis &amp; Fach\u00e4rztezentrum Calle de la Marina, 10 38400 Puerto de la Cruz, Santa Cruz de Tenerife, Tel.: +34 922 38 87 38 correo electr\u00f3nico: DAPTeneriffa@gmx.net P\u00e1gina web: https:\/\/dap-tenerife.com Ten en cuenta que, para proteger tu intimidad, no se responder\u00e1 por correo electr\u00f3nico a las consultas sobre datos o consejos [&hellip;]<\/p>\n","protected":false},"author":1,"featured_media":0,"parent":0,"menu_order":2000,"comment_status":"closed","ping_status":"closed","template":"OnePage.php","meta":{"_acf_changed":false,"footnotes":""},"acf":[],"_links":{"self":[{"href":"https:\/\/dap-tenerife.com\/es\/wp-json\/wp\/v2\/pages\/1064"}],"collection":[{"href":"https:\/\/dap-tenerife.com\/es\/wp-json\/wp\/v2\/pages"}],"about":[{"href":"https:\/\/dap-tenerife.com\/es\/wp-json\/wp\/v2\/types\/page"}],"author":[{"embeddable":true,"href":"https:\/\/dap-tenerife.com\/es\/wp-json\/wp\/v2\/users\/1"}],"replies":[{"embeddable":true,"href":"https:\/\/dap-tenerife.com\/es\/wp-json\/wp\/v2\/comments?post=1064"}],"version-history":[{"count":0,"href":"https:\/\/dap-tenerife.com\/es\/wp-json\/wp\/v2\/pages\/1064\/revisions"}],"wp:attachment":[{"href":"https:\/\/dap-tenerife.com\/es\/wp-json\/wp\/v2\/media?parent=1064"}],"curies":[{"name":"wp","href":"https:\/\/api.w.org\/{rel}","templated":true}]}}